{"id":1817,"date":"2025-05-14T21:03:08","date_gmt":"2025-05-14T21:03:08","guid":{"rendered":"https:\/\/modohospitality.com\/services\/"},"modified":"2025-06-25T20:46:11","modified_gmt":"2025-06-25T18:46:11","slug":"servizi","status":"publish","type":"page","link":"https:\/\/www.modohospitality.com\/en\/servizi\/","title":{"rendered":"What we do"},"content":{"rendered":"<div class=\"wp-block-uagb-container uagb-block-85f6b49e alignfull uagb-is-root-container\"><div class=\"uagb-container-inner-blocks-wrap\">\n<div class=\"wp-block-uagb-advanced-heading uagb-block-ef33938d\"><h1 class=\"uagb-heading-text\">What we do<\/h1><\/div>\n<\/div><\/div>\n\n\n\n<div class=\"wp-block-uagb-container uagb-block-94fc5d7a alignfull uagb-is-root-container\"><div class=\"uagb-container-inner-blocks-wrap\">\n<div class=\"wp-block-uagb-advanced-heading uagb-block-7b1c0132\"><h2 class=\"uagb-heading-text\">Strategic support to help your property grow and thrive<\/h2><div class=\"uagb-separator\"><\/div><p class=\"uagb-desc-text\">Every property is unique, but many face the same challenges: shrinking margins, inconsistent visibility, and little clarity on what really works.<br><br>We help you gain clarity and make smarter decisions.<br>We\u2019ve worked inside one of Europe\u2019s leading OTAs and partnered with major travel booking platforms: we deeply understand how visibility, pricing, and conversion really work.<br><br>Today, we bring this experience to independent hotels, B\\&amp;Bs, and short-term rentals.<br><br>Here\u2019s how we can help you:<\/p><\/div>\n\n\n\n<div class=\"wp-block-uagb-container uagb-layout-grid uagb-block-dfbbf362\">\n<div class=\"wp-block-uagb-info-box uagb-block-2608c05e uagb-infobox__content-wrap  uagb-infobox-icon-above-title uagb-infobox-image-valign-top\"><div class=\"uagb-ifb-content\"><div class=\"uagb-ifb-title-wrap\"><h5 class=\"uagb-ifb-title-prefix\">01.\u200b<\/h5><h5 class=\"uagb-ifb-title\">We start from your goals<\/h5><\/div><p class=\"uagb-ifb-desc\">Every property is unique. We assess your context and priorities before offering any solutions.<\/p><\/div><\/div>\n\n\n\n<div class=\"wp-block-uagb-info-box uagb-block-899ec5fe uagb-infobox__content-wrap  uagb-infobox-icon-above-title uagb-infobox-image-valign-top\"><div class=\"uagb-ifb-content\"><div class=\"uagb-ifb-title-wrap\"><h5 class=\"uagb-ifb-title-prefix\">02.\u200b<\/h5><h5 class=\"uagb-ifb-title\">Straightforward, practical analysis<\/h5><\/div><p class=\"uagb-ifb-desc\">We review your website, sales, and distribution to identify where to take action.<\/p><\/div><\/div>\n\n\n\n<div class=\"wp-block-uagb-info-box uagb-block-9f90acd8 uagb-infobox__content-wrap  uagb-infobox-icon-above-title uagb-infobox-image-valign-top\"><div class=\"uagb-ifb-content\"><div class=\"uagb-ifb-title-wrap\"><h5 class=\"uagb-ifb-title-prefix\">03.\u200b<\/h5><h5 class=\"uagb-ifb-title\">Actionable, no-fluff recommendations<\/h5><\/div><p class=\"uagb-ifb-desc\">We provide simple, ready-to-apply ideas: no jargon, just clarity.<\/p><\/div><\/div>\n\n\n\n<div class=\"wp-block-uagb-info-box uagb-block-7b391120 uagb-infobox__content-wrap  uagb-infobox-icon-above-title uagb-infobox-image-valign-top\"><div class=\"uagb-ifb-content\"><div class=\"uagb-ifb-title-wrap\"><h5 class=\"uagb-ifb-title-prefix\">04.\u200b<\/h5><h5 class=\"uagb-ifb-title\">Tailored support<\/h5><\/div><p class=\"uagb-ifb-desc\">We provide the level of support that best fits your time and budget.<\/p><\/div><\/div>\n<\/div>\n<\/div><\/div>\n\n\n\n<div class=\"wp-block-uagb-container uagb-block-c5813ec5 alignfull uagb-is-root-container\"><div class=\"uagb-container-inner-blocks-wrap\">\n<div class=\"wp-block-uagb-advanced-heading uagb-block-9606dd26\"><h2 class=\"uagb-heading-text\">How We Can Help You<\/h2><div class=\"uagb-separator\"><\/div><\/div>\n\n\n\n<div class=\"wp-block-uagb-container uagb-block-b7872d44\">\n<div class=\"wp-block-uagb-container uagb-layout-grid uagb-block-f7f433bb\">\n<div class=\"wp-block-uagb-info-box uagb-block-87479a38 uagb-infobox__content-wrap  uagb-infobox-icon-above-title uagb-infobox-image-valign-top\"><div class=\"uagb-ifb-content\"><div class=\"uagb-ifb-icon-wrap\"><svg xmlns=\"https:\/\/www.w3.org\/2000\/svg\" viewbox=\"0 0 640 512\"><path d=\"M9.372 9.372C21.87-3.124 42.13-3.124 54.63 9.372L159.1 114.7V95.1C159.1 78.33 174.3 63.1 191.1 63.1C209.7 63.1 223.1 78.33 223.1 95.1V191.1C223.1 196.3 223.1 200.5 221.6 204.2C220 207.1 217.7 211.5 214.7 214.6L214.6 214.7C211.5 217.7 207.1 220 204.2 221.6C200.5 223.1 196.3 223.1 191.1 223.1H95.1C78.33 223.1 63.1 209.7 63.1 191.1C63.1 174.3 78.33 159.1 95.1 159.1H114.7L9.372 54.63C-3.124 42.13-3.124 21.87 9.372 9.372V9.372zM384 256C384 291.3 355.3 320 320 320C284.7 320 256 291.3 256 256C256 220.7 284.7 192 320 192C355.3 192 384 220.7 384 256zM96 352C78.33 352 64 337.7 64 320C64 302.3 78.33 288 96 288H192H192.1C200.9 288 208.8 291.6 214.6 297.3L214.7 297.4C217.7 300.5 220 304 221.6 307.8C223.1 311.5 224 315.7 224 319.1V416C224 433.7 209.7 448 192 448C174.3 448 160 433.7 160 416V397.3L54.63 502.6C42.13 515.1 21.87 515.1 9.373 502.6C-3.124 490.1-3.124 469.9 9.373 457.4L114.7 352L96 352zM448 64C465.7 64 480 78.33 480 96V114.7L585.4 9.373C597.9-3.124 618.1-3.124 630.6 9.373C643.1 21.87 643.1 42.13 630.6 54.63L525.3 160H544C561.7 160 576 174.3 576 192C576 209.7 561.7 224 544 224H448C439.2 224 431.2 220.4 425.4 214.7L425.3 214.6C422.3 211.5 419.1 207.1 418.4 204.2C416.9 200.5 416 196.4 416 192.1V191.1V96C416 78.33 430.3 64 448 64H448zM525.3 352L630.6 457.4C643.1 469.9 643.1 490.1 630.6 502.6C618.1 515.1 597.9 515.1 585.4 502.6L480 397.3V416C480 433.7 465.7 448 448 448C430.3 448 416 433.7 416 416V320C416 319.1 416 319.9 416 319.9C416 315.6 416.9 311.5 418.4 307.8C419.1 303.1 422.3 300.4 425.4 297.4C431.1 291.6 439.1 288 447.9 288C447.9 288 447.1 288 448 288H544C561.7 288 576 302.3 576 320C576 337.7 561.7 352 544 352L525.3 352z\"><\/path><\/svg><\/div><div class=\"uagb-ifb-title-wrap\"><h5 class=\"uagb-ifb-title\">OTA and Distribution Channel Optimization<\/h5><\/div><p class=\"uagb-ifb-desc translation-block\">Being listed on Booking, Expedia or Airbnb isn\u2019t enough: you need to know how they work.<br>\nWe understand the inner workings of OTAs, what drives visibility, and how to improve your ranking.<br>\nWe help you identify the most effective channels for your property, optimize your content, and use promotional tools without cutting into your margins.\n<br><strong>The result? More visibility, more bookings, less wasted commission.<\/strong><\/p><\/div><\/div>\n\n\n\n<div class=\"wp-block-uagb-info-box uagb-block-7ff0de87 uagb-infobox__content-wrap  uagb-infobox-icon-above-title uagb-infobox-image-valign-top\"><div class=\"uagb-ifb-content\"><div class=\"uagb-ifb-icon-wrap\"><svg xmlns=\"https:\/\/www.w3.org\/2000\/svg\" viewbox=\"0 0 640 512\"><path d=\"M176 288C220.1 288 256 252.1 256 208S220.1 128 176 128S96 163.9 96 208S131.9 288 176 288zM544 128H304C295.2 128 288 135.2 288 144V320H64V48C64 39.16 56.84 32 48 32h-32C7.163 32 0 39.16 0 48v416C0 472.8 7.163 480 16 480h32C56.84 480 64 472.8 64 464V416h512v48c0 8.837 7.163 16 16 16h32c8.837 0 16-7.163 16-16V224C640 170.1 597 128 544 128z\"><\/path><\/svg><\/div><div class=\"uagb-ifb-title-wrap\"><h5 class=\"uagb-ifb-title\">Increase in Direct Bookings<\/h5><\/div><p class=\"uagb-ifb-desc\">Reducing dependency on OTAs is possible: but it requires a well-performing website, a clear strategy, and easy-to-use tools.<br>We check the quality of your website, calls to action, booking funnels and content. We help you create a seamless and persuasive online experience.<br>Let\u2019s work together on small, practical steps to boost your direct bookings.<br><strong>Result? More autonomy, more margin, more direct relationship with your guests.<\/strong><\/p><\/div><\/div>\n\n\n\n<div class=\"wp-block-uagb-info-box uagb-block-0f799d0f uagb-infobox__content-wrap  uagb-infobox-icon-above-title uagb-infobox-image-valign-top\"><div class=\"uagb-ifb-content\"><div class=\"uagb-ifb-icon-wrap\"><svg xmlns=\"https:\/\/www.w3.org\/2000\/svg\" viewbox=\"0 0 576 512\"><path d=\"M512 32C547.3 32 576 60.65 576 96V128H0V96C0 60.65 28.65 32 64 32H512zM576 416C576 451.3 547.3 480 512 480H64C28.65 480 0 451.3 0 416V224H576V416zM112 352C103.2 352 96 359.2 96 368C96 376.8 103.2 384 112 384H176C184.8 384 192 376.8 192 368C192 359.2 184.8 352 176 352H112zM240 384H368C376.8 384 384 376.8 384 368C384 359.2 376.8 352 368 352H240C231.2 352 224 359.2 224 368C224 376.8 231.2 384 240 384z\"><\/path><\/svg><\/div><div class=\"uagb-ifb-title-wrap\"><h5 class=\"uagb-ifb-title\">Website and User Experience Audit<\/h5><\/div><p class=\"uagb-ifb-desc\">A slow, confusing, or non-mobile-friendly website can cause you to lose bookings every day.<br>We analyze your site from the user's point of view, evaluating speed, clarity of information, quality of images, offers and booking tools.<br>We\u2019ll provide you with a clear, prioritized report to improve guest experience and website conversion.<br><strong>Result? A more effective, modern website that turns visitors into paying guests.<\/strong><\/p><\/div><\/div>\n<\/div>\n\n\n\n<div class=\"wp-block-uagb-container uagb-layout-grid uagb-block-a60095c6\">\n<div class=\"wp-block-uagb-info-box uagb-block-a2ea6d2a uagb-infobox__content-wrap  uagb-infobox-icon-above-title uagb-infobox-image-valign-top\"><div class=\"uagb-ifb-content\"><div class=\"uagb-ifb-icon-wrap\"><svg xmlns=\"https:\/\/www.w3.org\/2000\/svg\" viewbox=\"0 0 576 512\"><path d=\"M96 304.1c0-12.16 4.971-23.83 13.64-32.01l72.13-68.08c1.65-1.555 3.773-2.311 5.611-3.578C177.1 176.8 155 160 128 160H64C28.65 160 0 188.7 0 224v96c0 17.67 14.33 32 31.1 32L32 480c0 17.67 14.33 32 32 32h64c17.67 0 32-14.33 32-32v-96.39l-50.36-47.53C100.1 327.9 96 316.2 96 304.1zM480 128c35.38 0 64-28.62 64-64s-28.62-64-64-64s-64 28.62-64 64S444.6 128 480 128zM96 128c35.38 0 64-28.62 64-64S131.4 0 96 0S32 28.62 32 64S60.63 128 96 128zM444.4 295.3L372.3 227.3c-3.49-3.293-8.607-4.193-13.01-2.299C354.9 226.9 352 231.2 352 236V272H224V236c0-4.795-2.857-9.133-7.262-11.03C212.3 223.1 207.2 223.1 203.7 227.3L131.6 295.3c-4.805 4.535-4.805 12.94 0 17.47l72.12 68.07c3.49 3.291 8.607 4.191 13.01 2.297C221.1 381.3 224 376.9 224 372.1V336h128v36.14c0 4.795 2.857 9.135 7.262 11.04c4.406 1.893 9.523 .9922 13.01-2.299l72.12-68.07C449.2 308.3 449.2 299.9 444.4 295.3zM512 160h-64c-26.1 0-49.98 16.77-59.38 40.42c1.842 1.271 3.969 2.027 5.623 3.588l72.12 68.06C475 280.2 480 291.9 480 304.1c.002 12.16-4.969 23.83-13.64 32.01L416 383.6V480c0 17.67 14.33 32 32 32h64c17.67 0 32-14.33 32-32v-128c17.67 0 32-14.33 32-32V224C576 188.7 547.3 160 512 160z\"><\/path><\/svg><\/div><div class=\"uagb-ifb-title-wrap\"><h5 class=\"uagb-ifb-title\">Guest Experience Enhancement<\/h5><\/div><p class=\"uagb-ifb-desc translation-block\">Reviews and word of mouth are among the most powerful marketing tools for independent properties.<br>We help you map the entire guest journey \u2014 from the first website visit to the post-stay phase \u2014 to spot friction points and missed opportunities.<br>\nWe work on communication, guest welcome, automation, and follow-ups.<br>\n<strong>The result? Happier guests, better reviews, and stronger loyalty.<\/strong><\/p><\/div><\/div>\n\n\n\n<div class=\"wp-block-uagb-info-box uagb-block-c6b910dc uagb-infobox__content-wrap  uagb-infobox-icon-above-title uagb-infobox-image-valign-top\"><div class=\"uagb-ifb-content\"><div class=\"uagb-ifb-icon-wrap\"><svg xmlns=\"https:\/\/www.w3.org\/2000\/svg\" viewbox=\"0 0 448 512\"><path d=\"M160 80C160 53.49 181.5 32 208 32H240C266.5 32 288 53.49 288 80V432C288 458.5 266.5 480 240 480H208C181.5 480 160 458.5 160 432V80zM0 272C0 245.5 21.49 224 48 224H80C106.5 224 128 245.5 128 272V432C128 458.5 106.5 480 80 480H48C21.49 480 0 458.5 0 432V272zM400 96C426.5 96 448 117.5 448 144V432C448 458.5 426.5 480 400 480H368C341.5 480 320 458.5 320 432V144C320 117.5 341.5 96 368 96H400z\"><\/path><\/svg><\/div><div class=\"uagb-ifb-title-wrap\"><h5 class=\"uagb-ifb-title\">Custom Reports and Action Plans<\/h5><\/div><p class=\"uagb-ifb-desc translation-block\">We always leave you with something tangible: a clear, tailored, and immediately actionable report.<br>\nInside, you\u2019ll find an analysis of your current setup, key areas for improvement, and a step-by-step action plan with priorities and recommended tools.<br>\nEverything is written in simple terms, with no jargon \u2014 designed to be implemented even without a dedicated team.<br>\n<strong>The result? Clarity, direction, and a personalized roadmap to help your property grow.<\/strong><\/p><\/div><\/div>\n\n\n\n<div class=\"wp-block-uagb-info-box uagb-block-fa804b58 uagb-infobox__content-wrap  uagb-infobox-icon-above-title uagb-infobox-image-valign-top\"><div class=\"uagb-ifb-content\"><div class=\"uagb-ifb-icon-wrap\"><svg xmlns=\"https:\/\/www.w3.org\/2000\/svg\" viewbox=\"0 0 576 512\"><path d=\"M208 80C208 53.49 229.5 32 256 32H320C346.5 32 368 53.49 368 80V144C368 170.5 346.5 192 320 192H312V232H464C494.9 232 520 257.1 520 288V320H528C554.5 320 576 341.5 576 368V432C576 458.5 554.5 480 528 480H464C437.5 480 416 458.5 416 432V368C416 341.5 437.5 320 464 320H472V288C472 283.6 468.4 280 464 280H312V320H320C346.5 320 368 341.5 368 368V432C368 458.5 346.5 480 320 480H256C229.5 480 208 458.5 208 432V368C208 341.5 229.5 320 256 320H264V280H112C107.6 280 104 283.6 104 288V320H112C138.5 320 160 341.5 160 368V432C160 458.5 138.5 480 112 480H48C21.49 480 0 458.5 0 432V368C0 341.5 21.49 320 48 320H56V288C56 257.1 81.07 232 112 232H264V192H256C229.5 192 208 170.5 208 144V80z\"><\/path><\/svg><\/div><div class=\"uagb-ifb-title-wrap\"><h5 class=\"uagb-ifb-title\">Revenue Management Strategy<\/h5><\/div><p class=\"uagb-ifb-desc translation-block\">Guessing rates or blindly following competitors is no longer enough.<br>\nWe analyze seasonality, demand, historical data, and sales channels to help you build a dynamic, sustainable pricing strategy.<br>\nWe support you in selling the right room, at the right time, to the right guest \u2014 maximizing occupancy without slashing prices.<br>\n<strong>The result? More revenue, more control, less waste.<\/strong><\/p><\/div><\/div>\n<\/div>\n<\/div>\n<\/div><\/div>\n\n\n\n<div class=\"wp-block-uagb-container uag-blocks-common-selector uagb-block-edbeb5ab alignfull uagb-is-root-container\"><div class=\"uagb-container-inner-blocks-wrap\">\n<div class=\"wp-block-uagb-info-box uagb-block-f7d55f89 uagb-infobox__content-wrap  uagb-infobox-icon-above-title uagb-infobox-image-valign-top\"><div class=\"uagb-ifb-content\"><div class=\"uagb-ifb-title-wrap\"><div class=\"uagb-ifb-separator\"><\/div><h2 class=\"uagb-ifb-title\">Want to find out how we can help your property grow?<\/h2><\/div><div class=\"uagb-ifb-button-wrapper wp-block-button\"><a href=\"https:\/\/www.modohospitality.com\/en\/contatti\/\" class=\"uagb-infobox-cta-link wp-block-button__link\" target=\"_self\" rel=\"noopener noreferrer\" onclick=\"return true;\"><span class=\"uagb-inline-editing\">Get in touch for a free initial analysis<\/span><svg xmlns=\"https:\/\/www.w3.org\/2000\/svg\" viewbox=\"0 0 512 512\"><path d=\"M504.3 273.6l-112.1 104c-6.992 6.484-17.18 8.218-25.94 4.406c-8.758-3.812-14.42-12.45-14.42-21.1L351.9 288H32C14.33 288 .0002 273.7 .0002 255.1S14.33 224 32 224h319.9l0-72c0-9.547 5.66-18.19 14.42-22c8.754-3.809 18.95-2.075 25.94 4.41l112.1 104C514.6 247.9 514.6 264.1 504.3 273.6z\"><\/path><\/svg><\/a><\/div><\/div><\/div>\n<\/div><\/div>","protected":false},"excerpt":{"rendered":"<p>Cosa Facciamo Aiutiamo la tua struttura ricettiva a crescere Ogni struttura \u00e8 diversa, ma tutte affrontano le stesse sfide: margini ridotti, visibilit\u00e0 altalenante, poca chiarezza su cosa funziona davvero. Noi ti aiutiamo a vedere pi\u00f9 chiaro \u2014 e a prendere decisioni migliori.Abbiamo lavorato all&#8217;interno di una delle pi\u00f9 grandi OTA d&#8217;Europa e collaborato con i [&hellip;]<\/p>","protected":false},"author":1,"featured_media":0,"parent":0,"menu_order":0,"comment_status":"closed","ping_status":"closed","template":"","meta":{"_uag_custom_page_level_css":"","site-sidebar-layout":"no-sidebar","site-content-layout":"page-builder","ast-site-content-layout":"full-width-container","site-content-style":"unboxed","site-sidebar-style":"unboxed","ast-global-header-display":"","ast-banner-title-visibility":"","ast-main-header-display":"","ast-hfb-above-header-display":"","ast-hfb-below-header-display":"","ast-hfb-mobile-header-display":"","site-post-title":"disabled","ast-breadcrumbs-content":"","ast-featured-img":"disabled","footer-sml-layout":"","ast-disable-related-posts":"","theme-transparent-header-meta":"enabled","adv-header-id-meta":"","stick-header-meta":"","header-above-stick-meta":"","header-main-stick-meta":"","header-below-stick-meta":"","astra-migrate-meta-layouts":"set","ast-page-background-enabled":"default","ast-page-background-meta":{"desktop":{"background-color":"","background-image":"","background-repeat":"repeat","background-position":"center center","background-size":"auto","background-attachment":"scroll","background-type":"","background-media":"","overlay-type":"","overlay-color":"","overlay-opacity":"","overlay-gradient":""},"tablet":{"background-color":"","background-image":"","background-repeat":"repeat","background-position":"center center","background-size":"auto","background-attachment":"scroll","background-type":"","background-media":"","overlay-type":"","overlay-color":"","overlay-opacity":"","overlay-gradient":""},"mobile":{"background-color":"","background-image":"","background-repeat":"repeat","background-position":"center center","background-size":"auto","background-attachment":"scroll","background-type":"","background-media":"","overlay-type":"","overlay-color":"","overlay-opacity":"","overlay-gradient":""}},"ast-content-background-meta":{"desktop":{"background-color":"var(--ast-global-color-5)","background-image":"","background-repeat":"repeat","background-position":"center center","background-size":"auto","background-attachment":"scroll","background-type":"","background-media":"","overlay-type":"","overlay-color":"","overlay-opacity":"","overlay-gradient":""},"tablet":{"background-color":"var(--ast-global-color-5)","background-image":"","background-repeat":"repeat","background-position":"center center","background-size":"auto","background-attachment":"scroll","background-type":"","background-media":"","overlay-type":"","overlay-color":"","overlay-opacity":"","overlay-gradient":""},"mobile":{"background-color":"var(--ast-global-color-5)","background-image":"","background-repeat":"repeat","background-position":"center center","background-size":"auto","background-attachment":"scroll","background-type":"","background-media":"","overlay-type":"","overlay-color":"","overlay-opacity":"","overlay-gradient":""}},"footnotes":""},"class_list":["post-1817","page","type-page","status-publish","hentry"],"uagb_featured_image_src":{"full":false,"thumbnail":false,"medium":false,"medium_large":false,"large":false,"1536x1536":false,"2048x2048":false,"trp-custom-language-flag":false},"uagb_author_info":{"display_name":"admin","author_link":"https:\/\/www.modohospitality.com\/en\/author\/fed1983gmail-com\/"},"uagb_comment_info":0,"uagb_excerpt":"Cosa Facciamo Aiutiamo la tua struttura ricettiva a crescere Ogni struttura \u00e8 diversa, ma tutte affrontano le stesse sfide: margini ridotti, visibilit\u00e0 altalenante, poca chiarezza su cosa funziona davvero. Noi ti aiutiamo a vedere pi\u00f9 chiaro \u2014 e a prendere decisioni migliori.Abbiamo lavorato all&#8217;interno di una delle pi\u00f9 grandi OTA d&#8217;Europa e collaborato con i&hellip;","_links":{"self":[{"href":"https:\/\/www.modohospitality.com\/en\/wp-json\/wp\/v2\/pages\/1817","targetHints":{"allow":["GET"]}}],"collection":[{"href":"https:\/\/www.modohospitality.com\/en\/wp-json\/wp\/v2\/pages"}],"about":[{"href":"https:\/\/www.modohospitality.com\/en\/wp-json\/wp\/v2\/types\/page"}],"author":[{"embeddable":true,"href":"https:\/\/www.modohospitality.com\/en\/wp-json\/wp\/v2\/users\/1"}],"replies":[{"embeddable":true,"href":"https:\/\/www.modohospitality.com\/en\/wp-json\/wp\/v2\/comments?post=1817"}],"version-history":[{"count":13,"href":"https:\/\/www.modohospitality.com\/en\/wp-json\/wp\/v2\/pages\/1817\/revisions"}],"predecessor-version":[{"id":4046,"href":"https:\/\/www.modohospitality.com\/en\/wp-json\/wp\/v2\/pages\/1817\/revisions\/4046"}],"wp:attachment":[{"href":"https:\/\/www.modohospitality.com\/en\/wp-json\/wp\/v2\/media?parent=1817"}],"curies":[{"name":"wp","href":"https:\/\/api.w.org\/{rel}","templated":true}]}}